{"id":196,"date":"2024-03-04T04:04:26","date_gmt":"2024-03-04T04:04:26","guid":{"rendered":"https:\/\/shthemes.net\/demosd\/acens\/?page_id=196"},"modified":"2025-04-13T19:37:32","modified_gmt":"2025-04-14T00:37:32","slug":"empresa","status":"publish","type":"page","link":"https:\/\/tecentel.com\/web2025\/en\/empresa\/","title":{"rendered":"About Us"},"content":{"rendered":"<div data-elementor-type=\"wp-page\" data-elementor-id=\"196\" class=\"elementor elementor-196\" data-elementor-post-type=\"page\">\n\t\t\t\t\t\t<section class=\"elementor-section elementor-top-section elementor-element elementor-element-12006b6 elementor-section-full_width elementor-section-height-default elementor-section-height-default\" data-id=\"12006b6\" data-element_type=\"section\">\n\t\t\t\t\t\t<div class=\"elementor-container elementor-column-gap-no\">\n\t\t\t\t\t<div class=\"elementor-column elementor-col-100 elementor-top-column elementor-element elementor-element-1bf540f\" data-id=\"1bf540f\" data-element_type=\"column\">\n\t\t\t<div class=\"elementor-widget-wrap elementor-element-populated\">\n\t\t\t\t\t\t<div class=\"elementor-element elementor-element-bb72976 elementor-align-left elementor-widget elementor-widget-bdevs-banner-pages\" data-id=\"bb72976\" data-element_type=\"widget\" data-widget_type=\"bdevs-banner-pages.default\">\n\t\t\t\t<div class=\"elementor-widget-container\">\n\t\t\t\t\t \r\n<section class=\"banner-header section-padding bg-img bg-fixed bg-img-position-top\" data-overlay-dark=\"7\" data-background=\"https:\/\/tecentel.com\/web2025\/wp-content\/uploads\/2025\/03\/UI-Tecentel-00086.webp\">\r\n    <div class=\"v-middle\">\r\n        <div class=\"container\">\r\n            <div class=\"row\">\r\n                <div class=\"col-md-12 text-center mt-60\">\r\n                \t                    <h1>About Us<\/h1>\r\n                                        <ul class=\"breadcrumbs\">\r\n                    \t                        <li><a href=\"\/web2025\/en\/\">Home<\/a><\/li>\r\n                         \r\n                        <li>About Us<\/li>\r\n                    <\/ul>\r\n                <\/div>\r\n            <\/div>\r\n        <\/div>\r\n    <\/div>\r\n<\/section>\r\n<!-- divider line -->\r\n<div class=\"line-vr-section\"><\/div>\r\n\t\t\t\t\t<\/div>\n\t\t\t\t<\/div>\n\t\t\t\t\t<\/div>\n\t\t<\/div>\n\t\t\t\t\t<\/div>\n\t\t<\/section>\n\t\t\t\t<section class=\"elementor-section elementor-top-section elementor-element elementor-element-a4264ba elementor-section-full_width elementor-section-height-default elementor-section-height-default\" data-id=\"a4264ba\" data-element_type=\"section\">\n\t\t\t\t\t\t<div class=\"elementor-container elementor-column-gap-no\">\n\t\t\t\t\t<div class=\"elementor-column elementor-col-100 elementor-top-column elementor-element elementor-element-1d727a4\" data-id=\"1d727a4\" data-element_type=\"column\">\n\t\t\t<div class=\"elementor-widget-wrap elementor-element-populated\">\n\t\t\t\t\t\t<div class=\"elementor-element elementor-element-ee085b9 elementor-align-left elementor-widget elementor-widget-bdevs-about-pages\" data-id=\"ee085b9\" data-element_type=\"widget\" data-widget_type=\"bdevs-about-pages.default\">\n\t\t\t\t<div class=\"elementor-widget-container\">\n\t\t\t\t\t \r\n<section class=\"about section-padding\">\r\n    <div class=\"container\">\r\n        <div class=\"row\">\r\n            <div class=\"col-md-7\">\r\n            \t                <h6>About Us<\/h6>\r\n                                                <h1>About Us<\/h1>\r\n                                                <p style=\"text-align: justify\">Tecentel S.A. is an Ecuadorian company with over 10 years of experience in the development and implementation of comprehensive technological solutions in telecommunications, automation, electrical infrastructure, electronic security, and digital transformation.<\/p>\n\n<p style=\"text-align: justify\">We specialize in the design, installation, and support of intelligent systems tailored to the needs of each sector, with a focus on efficiency, scalability, and connectivity.<\/p>                                <!-- list -->\r\n                <ul class=\"list-unstyled list mb-30\">\r\n                \t                    <li>\r\n                        <div class=\"list-icon\"> <i class=\"fa-solid fa-check\"><\/i> <\/div>\r\n                        <div class=\"list-text\">\r\n                            <p>Industrial<\/p>\r\n                        <\/div>\r\n                    <\/li>\r\n                                        <li>\r\n                        <div class=\"list-icon\"> <i class=\"fa-solid fa-check\"><\/i> <\/div>\r\n                        <div class=\"list-text\">\r\n                            <p>Corporate<\/p>\r\n                        <\/div>\r\n                    <\/li>\r\n                                        <li>\r\n                        <div class=\"list-icon\"> <i class=\"fa-solid fa-check\"><\/i> <\/div>\r\n                        <div class=\"list-text\">\r\n                            <p>Healthcare<\/p>\r\n                        <\/div>\r\n                    <\/li>\r\n                                        <li>\r\n                        <div class=\"list-icon\"> <i class=\"fa-solid fa-check\"><\/i> <\/div>\r\n                        <div class=\"list-text\">\r\n                            <p>Education<\/p>\r\n                        <\/div>\r\n                    <\/li>\r\n                                        <li>\r\n                        <div class=\"list-icon\"> <i class=\"fa-solid fa-check\"><\/i> <\/div>\r\n                        <div class=\"list-text\">\r\n                            <p>Public Sector Infrastructure<\/p>\r\n                        <\/div>\r\n                    <\/li>\r\n                    \r\n                <\/ul> \r\n                                <a href=\"\/web2025\/en\/services\/automatizacion-y-control-inteligente\/\" class=\"btn-1 mt-15\"> Services &amp; Solutions<\/a>\r\n                            <\/div>\r\n            <div class=\"col-md-5\">\r\n                <div class=\"item\">\r\n                    <div class=\"wrap\">\r\n                        <div class=\"img\"> <img decoding=\"async\" src=\"https:\/\/tecentel.com\/web2025\/wp-content\/uploads\/2025\/04\/UI-Tecentel-00094.webp\" class=\"img-fluid\"> <\/div>\r\n                        <div class=\"title\">\r\n                        \t                            <h4>Proven Experience<\/h4>\r\n                                                                                    <h6>Backed by over a decade of industry expertise.<\/h6>\r\n                                                    <\/div>\r\n                    <\/div>\r\n                <\/div>\r\n            <\/div>\r\n        <\/div>\r\n    <\/div>\r\n<\/section>\r\n<!-- divider line -->\r\n<div class=\"line-vr-section\"><\/div>\r\n\t\t\t\t\t<\/div>\n\t\t\t\t<\/div>\n\t\t\t\t\t<\/div>\n\t\t<\/div>\n\t\t\t\t\t<\/div>\n\t\t<\/section>\n\t\t\t\t<section class=\"elementor-section elementor-top-section elementor-element elementor-element-d009cd9 elementor-section-full_width elementor-section-height-default elementor-section-height-default\" data-id=\"d009cd9\" data-element_type=\"section\">\n\t\t\t\t\t\t<div class=\"elementor-container elementor-column-gap-no\">\n\t\t\t\t\t<div class=\"elementor-column elementor-col-100 elementor-top-column elementor-element elementor-element-e5644ed\" data-id=\"e5644ed\" data-element_type=\"column\">\n\t\t\t<div class=\"elementor-widget-wrap elementor-element-populated\">\n\t\t\t\t\t\t<div class=\"elementor-element elementor-element-d5fb4b1 elementor-align-left elementor-widget elementor-widget-bdevs-about-services-pages\" data-id=\"d5fb4b1\" data-element_type=\"widget\" data-widget_type=\"bdevs-about-services-pages.default\">\n\t\t\t\t<div class=\"elementor-widget-container\">\n\t\t\t\t\t \r\n<section class=\"about section-padding\">\r\n        <div class=\"container\">\r\n            <div class=\"row mb-60\">\r\n            \t                <div class=\"col-md-8\">\r\n                    <div class=\"item\">\r\n                        <div class=\"wrap\">\r\n                            <div class=\"img\"> <img decoding=\"async\" src=\"https:\/\/tecentel.com\/web2025\/wp-content\/uploads\/2025\/03\/UI-Tecentel-00088.webp\" class=\"img-fluid\"> <\/div>\r\n                            <div class=\"title\">\r\n                            \t                                <h4>Tecentel S.A.<\/h4>\r\n                                                                \t                            <h6>Our International Expansion<\/h6>\r\n\t                                                        <\/div>\r\n                        <\/div>\r\n                    <\/div>\r\n                <\/div>\r\n                                                <div class=\"col-md-4\">\r\n                    <div class=\"item\">\r\n                        <div class=\"wrap\">\r\n                            <div class=\"img\"> <img decoding=\"async\" src=\"https:\/\/tecentel.com\/web2025\/wp-content\/uploads\/2025\/03\/UI-Tecentel-00090.webp\" class=\"img-fluid\"> <\/div>\r\n                            <div class=\"title\">\r\n                            \t                                <h4>Want to Work with Us?<\/h4>\r\n                                                                \t                            <h6>Transform your operations with efficient technology.<\/h6>\r\n\t                                                        <\/div>\r\n                        <\/div>\r\n                    <\/div>\r\n                <\/div>\r\n                            <\/div>\r\n            <!-- About Box -->\r\n            <div class=\"about-box\">\r\n                <div class=\"row\">\r\n                \t                    <div class=\"col-md-4\">\r\n                        <div class=\"item\">\r\n                            <div class=\"wrap\">\r\n                                <div class=\"con\">\r\n                                    <a href=\"\"><h4>Our Mission<\/h4><\/a>\r\n                                    <p>To drive the technological transformation of our clients through innovative, reliable, and sustainable solutions that integrate telecommunications, automation, and intelligent systems.<\/p>\r\n                                    <div class=\"icon-2\"> <a href=\"\"><span class=\"fa-sharp fa-light fa-arrow-right\"><\/span><\/a> <\/div>\r\n                                <\/div>\r\n                            <\/div>\r\n                        <\/div>\r\n                    <\/div>\r\n                                        <div class=\"col-md-4\">\r\n                        <div class=\"item\">\r\n                            <div class=\"wrap\">\r\n                                <div class=\"con\">\r\n                                    <a href=\"\"><h4>Our Vision<\/h4><\/a>\r\n                                    <p>To be a benchmark in technological solutions in Latin America, recognized for the quality, innovation, and excellence of our services.<\/p>\r\n                                    <div class=\"icon-2\"> <a href=\"\"><span class=\"fa-sharp fa-light fa-arrow-right\"><\/span><\/a> <\/div>\r\n                                <\/div>\r\n                            <\/div>\r\n                        <\/div>\r\n                    <\/div>\r\n                                        <div class=\"col-md-4\">\r\n                        <div class=\"item\">\r\n                            <div class=\"wrap\">\r\n                                <div class=\"con\">\r\n                                    <a href=\"\"><h4>Our Values<\/h4><\/a>\r\n                                    <p><ul>\n<li>Continuous innovation<\/li>\n\n<li>Customer commitment<\/li>\n\n<li>Safety and efficiency<\/li>\n\n<li>Quality in every implementation<\/li>\n\n<li>Trust and transparency<\/li>\n<\/ul><\/p>\r\n                                    <div class=\"icon-2\"> <a href=\"\"><span class=\"fa-sharp fa-light fa-arrow-right\"><\/span><\/a> <\/div>\r\n                                <\/div>\r\n                            <\/div>\r\n                        <\/div>\r\n                    <\/div>\r\n                                    <\/div>\r\n            <\/div>\r\n        <\/div>\r\n    <\/section>\r\n\t\t\t\t\t<\/div>\n\t\t\t\t<\/div>\n\t\t\t\t\t<\/div>\n\t\t<\/div>\n\t\t\t\t\t<\/div>\n\t\t<\/section>\n\t\t\t\t<\/div>","protected":false},"excerpt":{"rendered":"<p>Empresa Inicio Empresa Acerca de nosotros Empresa Tecentel S.A. es una empresa ecuatoriana con m\u00e1s de 10 a\u00f1os de trayectoria en el desarrollo e implementaci\u00f3n de soluciones tecnol\u00f3gicas integrales en el campo de las telecomunicaciones, automatizaci\u00f3n, infraestructura el\u00e9ctrica, seguridad electr\u00f3nica y transformaci\u00f3n digital. Nos especializamos en el dise\u00f1o, instalaci\u00f3n y soporte de sistemas inteligentes adaptados [&hellip;]<\/p>","protected":false},"author":1,"featured_media":0,"parent":0,"menu_order":0,"comment_status":"closed","ping_status":"closed","template":"page-templates\/home.php","meta":{"_acf_changed":false,"inline_featured_image":false,"_monsterinsights_skip_tracking":false,"_monsterinsights_sitenote_active":false,"_monsterinsights_sitenote_note":"","_monsterinsights_sitenote_category":0,"_joinchat":[],"footnotes":""},"class_list":["post-196","page","type-page","status-publish","hentry"],"acf":[],"_links":{"self":[{"href":"https:\/\/tecentel.com\/web2025\/en\/wp-json\/wp\/v2\/pages\/196","targetHints":{"allow":["GET"]}}],"collection":[{"href":"https:\/\/tecentel.com\/web2025\/en\/wp-json\/wp\/v2\/pages"}],"about":[{"href":"https:\/\/tecentel.com\/web2025\/en\/wp-json\/wp\/v2\/types\/page"}],"author":[{"embeddable":true,"href":"https:\/\/tecentel.com\/web2025\/en\/wp-json\/wp\/v2\/users\/1"}],"replies":[{"embeddable":true,"href":"https:\/\/tecentel.com\/web2025\/en\/wp-json\/wp\/v2\/comments?post=196"}],"version-history":[{"count":29,"href":"https:\/\/tecentel.com\/web2025\/en\/wp-json\/wp\/v2\/pages\/196\/revisions"}],"predecessor-version":[{"id":1970,"href":"https:\/\/tecentel.com\/web2025\/en\/wp-json\/wp\/v2\/pages\/196\/revisions\/1970"}],"wp:attachment":[{"href":"https:\/\/tecentel.com\/web2025\/en\/wp-json\/wp\/v2\/media?parent=196"}],"curies":[{"name":"wp","href":"https:\/\/api.w.org\/{rel}","templated":true}]}}