{"id":229,"date":"2024-03-04T04:11:56","date_gmt":"2024-03-04T04:11:56","guid":{"rendered":"https:\/\/shthemes.net\/demosd\/acens\/?page_id=229"},"modified":"2025-03-23T23:26:17","modified_gmt":"2025-03-24T04:26:17","slug":"contactenos","status":"publish","type":"page","link":"https:\/\/tecentel.com\/web2025\/en\/contactenos\/","title":{"rendered":"Contact Us"},"content":{"rendered":"<div data-elementor-type=\"wp-page\" data-elementor-id=\"229\" class=\"elementor elementor-229\" data-elementor-post-type=\"page\">\n\t\t\t\t\t\t<section class=\"elementor-section elementor-top-section elementor-element elementor-element-7cd2d4f elementor-section-full_width elementor-section-height-default elementor-section-height-default\" data-id=\"7cd2d4f\" data-element_type=\"section\">\n\t\t\t\t\t\t<div class=\"elementor-container elementor-column-gap-no\">\n\t\t\t\t\t<div class=\"elementor-column elementor-col-100 elementor-top-column elementor-element elementor-element-510c5c4\" data-id=\"510c5c4\" data-element_type=\"column\">\n\t\t\t<div class=\"elementor-widget-wrap elementor-element-populated\">\n\t\t\t\t\t\t<div class=\"elementor-element elementor-element-03e4165 elementor-align-left elementor-widget elementor-widget-bdevs-banner-pages\" data-id=\"03e4165\" data-element_type=\"widget\" data-widget_type=\"bdevs-banner-pages.default\">\n\t\t\t\t<div class=\"elementor-widget-container\">\n\t\t\t\t\t \r\n<section class=\"banner-header section-padding bg-img bg-fixed bg-img-position-top\" data-overlay-dark=\"7\" data-background=\"https:\/\/tecentel.com\/web2025\/wp-content\/uploads\/2025\/03\/UI-Tecentel-00091.webp\">\r\n    <div class=\"v-middle\">\r\n        <div class=\"container\">\r\n            <div class=\"row\">\r\n                <div class=\"col-md-12 text-center mt-60\">\r\n                \t                    <h1>Contact Us<\/h1>\r\n                                        <ul class=\"breadcrumbs\">\r\n                    \t                        <li><a href=\"\/web2025\/en\/\">Home<\/a><\/li>\r\n                         \r\n                        <li>Contact Us<\/li>\r\n                    <\/ul>\r\n                <\/div>\r\n            <\/div>\r\n        <\/div>\r\n    <\/div>\r\n<\/section>\r\n<!-- divider line -->\r\n<div class=\"line-vr-section\"><\/div>\r\n\t\t\t\t\t<\/div>\n\t\t\t\t<\/div>\n\t\t\t\t\t<\/div>\n\t\t<\/div>\n\t\t\t\t\t<\/div>\n\t\t<\/section>\n\t\t\t\t<section class=\"elementor-section elementor-top-section elementor-element elementor-element-40f19ff elementor-section-full_width elementor-section-height-default elementor-section-height-default\" data-id=\"40f19ff\" data-element_type=\"section\">\n\t\t\t\t\t\t<div class=\"elementor-container elementor-column-gap-no\">\n\t\t\t\t\t<div class=\"elementor-column elementor-col-100 elementor-top-column elementor-element elementor-element-ae99e75\" data-id=\"ae99e75\" data-element_type=\"column\">\n\t\t\t<div class=\"elementor-widget-wrap elementor-element-populated\">\n\t\t\t\t\t\t<div class=\"elementor-element elementor-element-7579ea8 elementor-align-left elementor-widget elementor-widget-bdevs-contact-pages\" data-id=\"7579ea8\" data-element_type=\"widget\" data-widget_type=\"bdevs-contact-pages.default\">\n\t\t\t\t<div class=\"elementor-widget-container\">\n\t\t\t\t\t \r\n<section class=\"contact section-padding\">\r\n    <div class=\"container\">\r\n        <div class=\"row\">\r\n            <div class=\"col-lg-6 col-md-12 mb-60\">\r\n                <div class=\"row mb-60\">\r\n                    <div class=\"col-md-12\">\r\n                    \t                        <h5>Do you have a project in mind?<\/h5>\r\n                                                                        <p>At Tecentel S.A., we are ready to help you transform your infrastructure with innovation, efficiency, and security.<\/p>\r\n                                                <div class=\"con\">\r\n                        \t                            <div class=\"icon\"> <span class=\"fa-solid fa-phone\"><\/span> <\/div>\r\n                                                                                    <div class=\"con-content\">\r\n                                <p class=\"text\"><a href=\"tel:+593 99 878 5851\">+593 99 878 5851<\/a><\/p>\r\n                            <\/div>\r\n                                                    <\/div>\r\n                        <div class=\"con\">\r\n                        \t                            <div class=\"icon\"> <span class=\"fa-solid fa-envelope\"><\/span> <\/div>\r\n                                                                                    <div class=\"con-content\">\r\n                                <p class=\"text\"><a href=\"mailto:info@tecentel.com\">info@tecentel.com<\/a><\/p>\r\n                            <\/div>\r\n                                                    <\/div>\r\n                        <div class=\"con\">\r\n                        \t                            <div class=\"icon\"> <span class=\"fa-solid fa-location\"><\/span> <\/div>\r\n                                                                                    <div class=\"con-content\">\r\n                                <p class=\"text\">Av. Pedro Vicente Maldonado S11-122 Quito \/ Ecuador<\/p>\r\n                            <\/div>\r\n                                                    <\/div>\r\n                    <\/div>\r\n                <\/div>\r\n                <div class=\"row\">\r\n                    <div class=\"col-md-12\">\r\n                        <h5>Business Hours<\/h5>\r\n                        <div class=\"opening-hours\">\r\n                            <ul>\r\n                            \t                                <li>\r\n                                    <div class=\"tit\">Monday \u2013 Friday<\/div>\r\n                                    <div class=\"dots\"><\/div> <span>8:00 AM - 7:00 PM<\/span>\r\n                                <\/li>\r\n                                                            <\/ul>\r\n                        <\/div>\r\n                    <\/div>\r\n                <\/div>\r\n            <\/div>\r\n            <div class=\"col-lg-6 col-md-12\">\r\n            \t                <h5>Need more information? Write to us!<\/h5>\r\n                                                \n<div class=\"wpcf7 no-js\" id=\"wpcf7-f533-o1\" lang=\"en-US\" dir=\"ltr\" data-wpcf7-id=\"533\">\n<div class=\"screen-reader-response\"><p role=\"status\" aria-live=\"polite\" aria-atomic=\"true\"><\/p> <ul><\/ul><\/div>\n<form action=\"\/web2025\/en\/wp-json\/wp\/v2\/pages\/229#wpcf7-f533-o1\" method=\"post\" class=\"wpcf7-form init\" aria-label=\"Contact form\" novalidate=\"novalidate\" data-status=\"init\" data-trp-original-action=\"\/web2025\/en\/wp-json\/wp\/v2\/pages\/229#wpcf7-f533-o1\">\n<div style=\"display: none;\">\n<input type=\"hidden\" name=\"_wpcf7\" value=\"533\" \/>\n<input type=\"hidden\" name=\"_wpcf7_version\" value=\"6.0.6\" \/>\n<input type=\"hidden\" name=\"_wpcf7_locale\" value=\"en_US\" \/>\n<input type=\"hidden\" name=\"_wpcf7_unit_tag\" value=\"wpcf7-f533-o1\" \/>\n<input type=\"hidden\" name=\"_wpcf7_container_post\" value=\"0\" \/>\n<input type=\"hidden\" name=\"_wpcf7_posted_data_hash\" value=\"\" \/>\n<\/div>\n<div class=\"contact__form\">\n\t<div class=\"row\">\n\t\t<div class=\"col-md-12 form-group\">\n\t\t\t<p><span class=\"wpcf7-form-control-wrap\" data-name=\"your-name\"><input size=\"40\" maxlength=\"400\" class=\"wpcf7-form-control wpcf7-text wpcf7-validates-as-required\" aria-required=\"true\" aria-invalid=\"false\" placeholder=\"Full Name\" value=\"\" type=\"text\" name=\"your-name\" \/><\/span>\n\t\t\t<\/p>\n\t\t<\/div>\n\t\t<div class=\"col-md-6 form-group\">\n\t\t\t<p><span class=\"wpcf7-form-control-wrap\" data-name=\"your-email\"><input size=\"40\" maxlength=\"400\" class=\"wpcf7-form-control wpcf7-email wpcf7-validates-as-required wpcf7-text wpcf7-validates-as-email\" aria-required=\"true\" aria-invalid=\"false\" placeholder=\"Email\" value=\"\" type=\"email\" name=\"your-email\" \/><\/span>\n\t\t\t<\/p>\n\t\t<\/div>\n\t\t<div class=\"col-md-6 form-group\">\n\t\t\t<p><span class=\"wpcf7-form-control-wrap\" data-name=\"your-phone\"><input size=\"40\" maxlength=\"400\" class=\"wpcf7-form-control wpcf7-text wpcf7-validates-as-required\" aria-required=\"true\" aria-invalid=\"false\" placeholder=\"Phone\" value=\"\" type=\"text\" name=\"your-phone\" \/><\/span>\n\t\t\t<\/p>\n\t\t<\/div>\n\t\t<div class=\"col-md-12 form-group\">\n\t\t\t<p><span class=\"wpcf7-form-control-wrap\" data-name=\"your-subject\"><input size=\"40\" maxlength=\"400\" class=\"wpcf7-form-control wpcf7-text wpcf7-validates-as-required\" aria-required=\"true\" aria-invalid=\"false\" placeholder=\"Subject\" value=\"\" type=\"text\" name=\"your-subject\" \/><\/span>\n\t\t\t<\/p>\n\t\t<\/div>\n\t\t<div class=\"col-md-12 form-group\">\n\t\t\t<p><span class=\"wpcf7-form-control-wrap\" data-name=\"your-message\"><textarea cols=\"40\" rows=\"10\" maxlength=\"2000\" class=\"wpcf7-form-control wpcf7-textarea wpcf7-validates-as-required\" id=\"message\" aria-required=\"true\" aria-invalid=\"false\" placeholder=\"How can we help you?\" name=\"your-message\"><\/textarea><\/span>\n\t\t\t<\/p>\n\t\t<\/div>\n\t\t<div class=\"col-md-12\">\n\t\t\t<p><input class=\"wpcf7-form-control wpcf7-submit has-spinner\" type=\"submit\" value=\"Send\" \/>\n\t\t\t<\/p>\n\t\t<\/div>\n\t<\/div>\n<\/div><div class=\"wpcf7-response-output\" aria-hidden=\"true\"><\/div>\n<input type=\"hidden\" name=\"trp-form-language\" value=\"en\"\/><\/form>\n<\/div>\n                            <\/div>\r\n        <\/div>\r\n    <\/div>\r\n<\/section>\r\n<!-- Maps -->\r\n<section id=\"map\">\r\n    <div class=\"full-width\">\r\n        <div class=\"google-map\">\r\n            <iframe src=\"https:\/\/www.google.com\/maps\/embed?pb=!1m18!1m12!1m3!1d4550.677300143535!2d-78.52487793370442!3d-0.252559938066985!2m3!1f0!2f0!3f0!3m2!1i1024!2i768!4f13.1!3m3!1m2!1s0x91d59900d0cac909%3A0x77d42af37adda941!2sEL%20Recreo!5e1!3m2!1sen!2sec!4v1742790068081!5m2!1sen!2sec\" width=\"100%\" height=\"500\" style=\"border:0;\" allowfullscreen=\"\" loading=\"lazy\"><\/iframe>\r\n        <\/div>\r\n    <\/div>\r\n<\/section>\r\n\t\t\t\t\t<\/div>\n\t\t\t\t<\/div>\n\t\t\t\t\t<\/div>\n\t\t<\/div>\n\t\t\t\t\t<\/div>\n\t\t<\/section>\n\t\t\t\t<\/div>","protected":false},"excerpt":{"rendered":"<p>Cont\u00e1ctenos inicio Cont\u00e1ctenos \u00bfTienes un proyecto en mente? En Tecentel S.A. estamos listos para ayudarte a transformar tu infraestructura con innovaci\u00f3n, eficiencia y seguridad. +593 99 878 5851 info@tecentel.com Av. Pedro Vicente Maldonado S11-122 Quito \/ Ecuador Horario de Atenci\u00f3n Lunes &#8211; Viernes 8:00 AM &#8211; 7:00 PM Necesita m\u00e1s informaci\u00f3n. Escr\u00edbanos!<\/p>","protected":false},"author":1,"featured_media":0,"parent":0,"menu_order":0,"comment_status":"closed","ping_status":"closed","template":"page-templates\/home.php","meta":{"_acf_changed":false,"inline_featured_image":false,"_monsterinsights_skip_tracking":false,"_monsterinsights_sitenote_active":false,"_monsterinsights_sitenote_note":"","_monsterinsights_sitenote_category":0,"_joinchat":[],"footnotes":""},"class_list":["post-229","page","type-page","status-publish","hentry"],"acf":[],"_links":{"self":[{"href":"https:\/\/tecentel.com\/web2025\/en\/wp-json\/wp\/v2\/pages\/229","targetHints":{"allow":["GET"]}}],"collection":[{"href":"https:\/\/tecentel.com\/web2025\/en\/wp-json\/wp\/v2\/pages"}],"about":[{"href":"https:\/\/tecentel.com\/web2025\/en\/wp-json\/wp\/v2\/types\/page"}],"author":[{"embeddable":true,"href":"https:\/\/tecentel.com\/web2025\/en\/wp-json\/wp\/v2\/users\/1"}],"replies":[{"embeddable":true,"href":"https:\/\/tecentel.com\/web2025\/en\/wp-json\/wp\/v2\/comments?post=229"}],"version-history":[{"count":10,"href":"https:\/\/tecentel.com\/web2025\/en\/wp-json\/wp\/v2\/pages\/229\/revisions"}],"predecessor-version":[{"id":1844,"href":"https:\/\/tecentel.com\/web2025\/en\/wp-json\/wp\/v2\/pages\/229\/revisions\/1844"}],"wp:attachment":[{"href":"https:\/\/tecentel.com\/web2025\/en\/wp-json\/wp\/v2\/media?parent=229"}],"curies":[{"name":"wp","href":"https:\/\/api.w.org\/{rel}","templated":true}]}}